{"id":3378,"date":"2019-03-29T14:24:36","date_gmt":"2019-03-29T13:24:36","guid":{"rendered":"http:\/\/nove.aglow.cz\/?page_id=3378"},"modified":"2024-08-28T18:28:18","modified_gmt":"2024-08-28T16:28:18","slug":"misto-schazeni","status":"publish","type":"page","link":"https:\/\/aglow.cz\/index.php\/homepage-2\/misto-schazeni\/","title":{"rendered":"M\u00edsto sch\u00e1zen\u00ed"},"content":{"rendered":"<div id='layer_slider_1'  class='avia-layerslider main_color avia-shadow  avia-builder-el-0  el_before_av_four_fifth  avia-builder-el-first  container_wrap sidebar_right'  style='height: 701px; max-width: 3000px; margin: 0 auto;'  ><\/div><div id='after_layer_slider_1'  class='main_color av_default_container_wrap container_wrap sidebar_right'  ><div class='container av-section-cont-open' ><div class='template-page content  av-content-small alpha units'><div class='post-entry post-entry-type-page post-entry-3378'><div class='entry-content-wrapper clearfix'>\n\n<style type=\"text\/css\" data-created_by=\"avia_inline_auto\" id=\"style-css-av-4hmtvp-220523144365d56fd88b1ea5f0efa7ff\">\n.flex_column.av-4hmtvp-220523144365d56fd88b1ea5f0efa7ff{\nborder-radius:0px 0px 0px 0px;\npadding:40px 40px 40px 40px;\n}\n<\/style>\n<div  class='flex_column av-4hmtvp-220523144365d56fd88b1ea5f0efa7ff av_four_fifth  avia-builder-el-1  el_after_av_layerslider  el_before_av_one_fifth  avia-builder-el-first  first flex_column_div  '     ><div  id=\"av-sc-portfolio-1\"  class=\"av-portfolio-grid-sorting-container\"><div class='sort_width_container  av-sort-yes' data-portfolio-id='1' ><div id='js_sort_items' ><div class='sort_by_cat hidden'><a href=\"#\" data-filter=\"all_sort\" class=\"all_sort_button active_sort\"><span class=\"inner_sort_button\"><span>All<\/span><small class=\"av-cat-count\"> 9 <\/small><\/span><\/a><span class=\"text-sep mesta_sort_sep\">\/<\/span><a href=\"#\" data-filter=\"mesta_sort\" class=\"mesta_sort_button\" ><span class=\"inner_sort_button\"><span>M\u011bsta<\/span><small class=\"av-cat-count\"> 9 <\/small><\/span><\/a><\/div><\/div><\/div><div  class=' grid-sort-container isotope   no_margin-container with-excerpt-container grid-total-odd grid-col-4 grid-links-' data-portfolio-id='1'><div data-ajax-id='3681' class=' grid-entry flex_column isotope-item all_sort no_margin post-entry post-entry-3681 grid-entry-overview grid-loop-1 grid-parity-odd  mesta_sort  av_one_fourth first default_av_fullwidth '><article class='main_color inner-entry'  itemscope=\"itemscope\" itemtype=\"https:\/\/schema.org\/CreativeWork\" ><a href=\"https:\/\/aglow.cz\/index.php\/portfolio-item\/vysoke-myto\/\" title='Vysok\u00e9 M\u00fdto'  data-rel='grid-1' class='grid-image avia-hover-fx'> <img decoding=\"async\" fetchpriority=\"high\" width=\"260\" height=\"185\" src=\"https:\/\/aglow.cz\/wp-content\/uploads\/2019\/04\/N\u00e1m\u011bst\u00ed_ve_Vysok\u00e9m_M\u00fdt\u011b-260x185.jpg\" class=\"wp-image-3682 avia-img-lazy-loading-not-3682 attachment-portfolio_small size-portfolio_small wp-post-image\" alt=\"\" \/><\/a><div class='grid-content'><div class='avia-arrow'><\/div><header class=\"entry-content-header\" aria-label=\"Portfolio: Vysok\u00e9 M\u00fdto\"><h3 class='grid-entry-title entry-title '  itemprop=\"headline\" ><a href='https:\/\/aglow.cz\/index.php\/portfolio-item\/vysoke-myto\/' title='Vysok\u00e9 M\u00fdto'>Vysok\u00e9 M\u00fdto<\/a><\/h3><\/header><\/div><footer class=\"entry-footer\"><\/footer><\/article><\/div><div data-ajax-id='3395' class=' grid-entry flex_column isotope-item all_sort no_margin post-entry post-entry-3395 grid-entry-overview grid-loop-2 grid-parity-even  mesta_sort  av_one_fourth  default_av_fullwidth '><article class='main_color inner-entry'  itemscope=\"itemscope\" itemtype=\"https:\/\/schema.org\/CreativeWork\" ><a href=\"https:\/\/aglow.cz\/index.php\/portfolio-item\/praha\/\" title='Praha 1'  data-rel='grid-1' class='grid-image avia-hover-fx'> <img decoding=\"async\" fetchpriority=\"high\" width=\"260\" height=\"185\" src=\"https:\/\/aglow.cz\/wp-content\/uploads\/2019\/03\/prague-3722016_1920-260x185.jpg\" class=\"wp-image-3695 avia-img-lazy-loading-not-3695 attachment-portfolio_small size-portfolio_small wp-post-image\" alt=\"\" \/><\/a><div class='grid-content'><div class='avia-arrow'><\/div><header class=\"entry-content-header\" aria-label=\"Portfolio: Praha 1\"><h3 class='grid-entry-title entry-title '  itemprop=\"headline\" ><a href='https:\/\/aglow.cz\/index.php\/portfolio-item\/praha\/' title='Praha 1'>Praha 1<\/a><\/h3><\/header><\/div><footer class=\"entry-footer\"><\/footer><\/article><\/div><div data-ajax-id='3675' class=' grid-entry flex_column isotope-item all_sort no_margin post-entry post-entry-3675 grid-entry-overview grid-loop-3 grid-parity-odd  mesta_sort  av_one_fourth  default_av_fullwidth '><article class='main_color inner-entry'  itemscope=\"itemscope\" itemtype=\"https:\/\/schema.org\/CreativeWork\" ><a href=\"https:\/\/aglow.cz\/index.php\/portfolio-item\/pardubice\/\" title='Pardubice'  data-rel='grid-1' class='grid-image avia-hover-fx'> <img decoding=\"async\" fetchpriority=\"high\" width=\"260\" height=\"185\" src=\"https:\/\/aglow.cz\/wp-content\/uploads\/2019\/04\/PardubicePer\u0161t\u00fdnsk\u00e9_n\u00e1m\u011bst\u00ed-260x185.jpg\" class=\"wp-image-3676 avia-img-lazy-loading-not-3676 attachment-portfolio_small size-portfolio_small wp-post-image\" alt=\"\" \/><\/a><div class='grid-content'><div class='avia-arrow'><\/div><header class=\"entry-content-header\" aria-label=\"Portfolio: Pardubice\"><h3 class='grid-entry-title entry-title '  itemprop=\"headline\" ><a href='https:\/\/aglow.cz\/index.php\/portfolio-item\/pardubice\/' title='Pardubice'>Pardubice<\/a><\/h3><\/header><\/div><footer class=\"entry-footer\"><\/footer><\/article><\/div><div data-ajax-id='3672' class=' grid-entry flex_column isotope-item all_sort no_margin post-entry post-entry-3672 grid-entry-overview grid-loop-4 grid-parity-even  mesta_sort  av_one_fourth  default_av_fullwidth '><article class='main_color inner-entry'  itemscope=\"itemscope\" itemtype=\"https:\/\/schema.org\/CreativeWork\" ><a href=\"https:\/\/aglow.cz\/index.php\/portfolio-item\/mohelno\/\" title='Mohelno'  data-rel='grid-1' class='grid-image avia-hover-fx'> <img decoding=\"async\" fetchpriority=\"high\" width=\"260\" height=\"185\" src=\"https:\/\/aglow.cz\/wp-content\/uploads\/2019\/04\/1280px-Mohelno_-_n\u00e1m\u011bst\u00ed_obr3-260x185.jpg\" class=\"wp-image-3673 avia-img-lazy-loading-not-3673 attachment-portfolio_small size-portfolio_small wp-post-image\" alt=\"\" \/><\/a><div class='grid-content'><div class='avia-arrow'><\/div><header class=\"entry-content-header\" aria-label=\"Portfolio: Mohelno\"><h3 class='grid-entry-title entry-title '  itemprop=\"headline\" ><a href='https:\/\/aglow.cz\/index.php\/portfolio-item\/mohelno\/' title='Mohelno'>Mohelno<\/a><\/h3><\/header><\/div><footer class=\"entry-footer\"><\/footer><\/article><\/div><div data-ajax-id='3669' class=' grid-entry flex_column isotope-item all_sort no_margin post-entry post-entry-3669 grid-entry-overview grid-loop-5 grid-parity-odd  mesta_sort  av_one_fourth first default_av_fullwidth '><article class='main_color inner-entry'  itemscope=\"itemscope\" itemtype=\"https:\/\/schema.org\/CreativeWork\" ><a href=\"https:\/\/aglow.cz\/index.php\/portfolio-item\/chrudim\/\" title='Chrudim'  data-rel='grid-1' class='grid-image avia-hover-fx'> <img decoding=\"async\" fetchpriority=\"high\" width=\"260\" height=\"185\" src=\"https:\/\/aglow.cz\/wp-content\/uploads\/2019\/04\/Chrudim_-_morov\u00fd_sloup1-260x185.jpg\" class=\"wp-image-3670 avia-img-lazy-loading-not-3670 attachment-portfolio_small size-portfolio_small wp-post-image\" alt=\"\" \/><\/a><div class='grid-content'><div class='avia-arrow'><\/div><header class=\"entry-content-header\" aria-label=\"Portfolio: Chrudim\"><h3 class='grid-entry-title entry-title '  itemprop=\"headline\" ><a href='https:\/\/aglow.cz\/index.php\/portfolio-item\/chrudim\/' title='Chrudim'>Chrudim<\/a><\/h3><\/header><\/div><footer class=\"entry-footer\"><\/footer><\/article><\/div><div data-ajax-id='3392' class=' grid-entry flex_column isotope-item all_sort no_margin post-entry post-entry-3392 grid-entry-overview grid-loop-6 grid-parity-even  mesta_sort  av_one_fourth  default_av_fullwidth '><article class='main_color inner-entry'  itemscope=\"itemscope\" itemtype=\"https:\/\/schema.org\/CreativeWork\" ><a href=\"https:\/\/aglow.cz\/index.php\/portfolio-item\/cesky-tesin\/\" title='\u010cesk\u00fd T\u011b\u0161\u00edn'  data-rel='grid-1' class='grid-image avia-hover-fx'> <img decoding=\"async\" fetchpriority=\"high\" width=\"260\" height=\"185\" src=\"https:\/\/aglow.cz\/wp-content\/uploads\/2019\/03\/1200px-Czciesz_ratusz_558-260x185.jpg\" class=\"wp-image-3656 avia-img-lazy-loading-not-3656 attachment-portfolio_small size-portfolio_small wp-post-image\" alt=\"\" \/><\/a><div class='grid-content'><div class='avia-arrow'><\/div><header class=\"entry-content-header\" aria-label=\"Portfolio: \u010cesk\u00fd T\u011b\u0161\u00edn\"><h3 class='grid-entry-title entry-title '  itemprop=\"headline\" ><a href='https:\/\/aglow.cz\/index.php\/portfolio-item\/cesky-tesin\/' title='\u010cesk\u00fd T\u011b\u0161\u00edn'>\u010cesk\u00fd T\u011b\u0161\u00edn<\/a><\/h3><\/header><\/div><footer class=\"entry-footer\"><\/footer><\/article><\/div><div data-ajax-id='3665' class=' grid-entry flex_column isotope-item all_sort no_margin post-entry post-entry-3665 grid-entry-overview grid-loop-7 grid-parity-odd  mesta_sort  av_one_fourth  default_av_fullwidth '><article class='main_color inner-entry'  itemscope=\"itemscope\" itemtype=\"https:\/\/schema.org\/CreativeWork\" ><a href=\"https:\/\/aglow.cz\/index.php\/portfolio-item\/ceska-lipa\/\" title='\u010cesk\u00e1 L\u00edpa'  data-rel='grid-1' class='grid-image avia-hover-fx'> <img decoding=\"async\" fetchpriority=\"high\" width=\"260\" height=\"185\" src=\"https:\/\/aglow.cz\/wp-content\/uploads\/2019\/04\/1280px-\u010cesk\u00e1_L\u00edpa_n\u00e1m\u011bst\u00ed_2-260x185.jpg\" class=\"wp-image-3666 avia-img-lazy-loading-not-3666 attachment-portfolio_small size-portfolio_small wp-post-image\" alt=\"\" \/><\/a><div class='grid-content'><div class='avia-arrow'><\/div><header class=\"entry-content-header\" aria-label=\"Portfolio: \u010cesk\u00e1 L\u00edpa\"><h3 class='grid-entry-title entry-title '  itemprop=\"headline\" ><a href='https:\/\/aglow.cz\/index.php\/portfolio-item\/ceska-lipa\/' title='\u010cesk\u00e1 L\u00edpa'>\u010cesk\u00e1 L\u00edpa<\/a><\/h3><\/header><\/div><footer class=\"entry-footer\"><\/footer><\/article><\/div><div data-ajax-id='3806' class=' grid-entry flex_column isotope-item all_sort no_margin post-entry post-entry-3806 grid-entry-overview grid-loop-8 grid-parity-even  mesta_sort  av_one_fourth  default_av_fullwidth '><article class='main_color inner-entry'  itemscope=\"itemscope\" itemtype=\"https:\/\/schema.org\/CreativeWork\" ><a href=\"https:\/\/aglow.cz\/index.php\/portfolio-item\/celakovice\/\" title='\u010cel\u00e1kovice'  data-rel='grid-1' class='grid-image avia-hover-fx'> <img decoding=\"async\" fetchpriority=\"high\" width=\"260\" height=\"185\" src=\"https:\/\/aglow.cz\/wp-content\/uploads\/2019\/09\/\u010cel\u00e1kovice_C\u00edsa\u0159sk\u00e1_Kuchyn\u011b_new_housing-260x185.jpg\" class=\"wp-image-3808 avia-img-lazy-loading-not-3808 attachment-portfolio_small size-portfolio_small wp-post-image\" alt=\"\" \/><\/a><div class='grid-content'><div class='avia-arrow'><\/div><header class=\"entry-content-header\" aria-label=\"Portfolio: \u010cel\u00e1kovice\"><h3 class='grid-entry-title entry-title '  itemprop=\"headline\" ><a href='https:\/\/aglow.cz\/index.php\/portfolio-item\/celakovice\/' title='\u010cel\u00e1kovice'>\u010cel\u00e1kovice<\/a><\/h3><\/header><\/div><footer class=\"entry-footer\"><\/footer><\/article><\/div><div data-ajax-id='3684' class=' grid-entry flex_column isotope-item all_sort no_margin post-entry post-entry-3684 grid-entry-overview grid-loop-9 grid-parity-odd  post-entry-last  mesta_sort  av_one_fourth first default_av_fullwidth '><article class='main_color inner-entry'  itemscope=\"itemscope\" itemtype=\"https:\/\/schema.org\/CreativeWork\" ><a href=\"https:\/\/aglow.cz\/index.php\/portfolio-item\/3684\/\" title='?'  data-rel='grid-1' class='grid-image avia-hover-fx'> <img decoding=\"async\" fetchpriority=\"high\" width=\"260\" height=\"185\" src=\"https:\/\/aglow.cz\/wp-content\/uploads\/2019\/04\/P1240261-260x185.jpg\" class=\"wp-image-3718 avia-img-lazy-loading-not-3718 attachment-portfolio_small size-portfolio_small wp-post-image\" alt=\"\" \/><\/a><div class='grid-content'><div class='avia-arrow'><\/div><header class=\"entry-content-header\" aria-label=\"Portfolio: ?\"><h3 class='grid-entry-title entry-title '  itemprop=\"headline\" ><a href='https:\/\/aglow.cz\/index.php\/portfolio-item\/3684\/' title='?'>?<\/a><\/h3><\/header><\/div><footer class=\"entry-footer\"><\/footer><\/article><\/div><\/div><\/div>   <!--   class=\"av-portfolio-grid-sorting-container\"  --><\/div>\n\n<style type=\"text\/css\" data-created_by=\"avia_inline_auto\" id=\"style-css-av-3obnsy-f1e9d657e0bed0fc2ae4e863e02d6f77\">\n.flex_column.av-3obnsy-f1e9d657e0bed0fc2ae4e863e02d6f77{\nborder-radius:0px 0px 0px 0px;\npadding:0px 0px 0px 0px;\n}\n<\/style>\n<div  class='flex_column av-3obnsy-f1e9d657e0bed0fc2ae4e863e02d6f77 av_one_fifth  avia-builder-el-3  el_after_av_four_fifth  el_before_av_section  avia-builder-el-last  flex_column_div av-zero-column-padding  '     ><p><section  class='av_textblock_section av-jtub0fdi-515c8c49150fd9ad5fe66d76ee2dcb6b '   itemscope=\"itemscope\" itemtype=\"https:\/\/schema.org\/CreativeWork\" ><div class='avia_textblock'  itemprop=\"text\" ><p><img loading=\"lazy\" decoding=\"async\" class=\"alignnone wp-image-3445\" src=\"http:\/\/nove.aglow.cz\/wp-content\/uploads\/2019\/03\/ruze-lezi-300x157.png\" alt=\"\" width=\"76\" height=\"40\" srcset=\"https:\/\/aglow.cz\/wp-content\/uploads\/2019\/03\/ruze-lezi-300x157.png 300w, https:\/\/aglow.cz\/wp-content\/uploads\/2019\/03\/ruze-lezi.png 446w\" sizes=\"auto, (max-width: 76px) 100vw, 76px\" \/><\/p>\n<\/div><\/section><br \/>\n<div  class='avia-builder-widget-area clearfix  avia-builder-el-5  el_after_av_textblock  avia-builder-el-last '><section id=\"media_image-4\" class=\"widget clearfix widget_media_image\"><a href=\"https:\/\/etabita.cz\/\"><img loading=\"lazy\" decoding=\"async\" width=\"300\" height=\"105\" src=\"https:\/\/aglow.cz\/wp-content\/uploads\/2020\/02\/etabita.png\" class=\"image wp-image-4097  attachment-full size-full\" alt=\"\" style=\"max-width: 100%; height: auto;\" \/><\/a><span class=\"seperator extralight-border\"><\/span><\/section><\/div><\/p><\/div>\n<\/div><\/div><\/div><!-- close content main div --><\/div><\/div>\n<style type=\"text\/css\" data-created_by=\"avia_inline_auto\" id=\"style-css-av-ju8jxen0-6c7aaa6d32efac97f4ccef65147e9145\">\n.avia-section.av-ju8jxen0-6c7aaa6d32efac97f4ccef65147e9145{\nbackground-repeat:repeat;\nbackground-image:url(https:\/\/aglow.cz\/wp-content\/uploads\/2019\/04\/bcg-300x300.png);\nbackground-position:0% 0%;\nbackground-attachment:scroll;\n}\n<\/style>\n<div id='av_section_1'  class='avia-section av-ju8jxen0-6c7aaa6d32efac97f4ccef65147e9145 main_color avia-section-default avia-no-border-styling  avia-builder-el-6  el_after_av_one_fifth  avia-builder-el-last  avia-bg-style-scroll container_wrap sidebar_right'  data-section-bg-repeat='repeat'><div class='container av-section-cont-open' ><div class='template-page content  av-content-small alpha units'><div class='post-entry post-entry-type-page post-entry-3378'><div class='entry-content-wrapper clearfix'>\n\n<style type=\"text\/css\" data-created_by=\"avia_inline_auto\" id=\"style-css-av-ju8jy91m-ce356a3fc734ba38496078a6820741c7\">\n.flex_column.av-ju8jy91m-ce356a3fc734ba38496078a6820741c7{\nborder-radius:0px 0px 0px 0px;\npadding:20px 20px 0px 20px;\nbackground-color:rgba(255,255,255,0.79);\n}\n<\/style>\n<div  class='flex_column av-ju8jy91m-ce356a3fc734ba38496078a6820741c7 av_one_full  avia-builder-el-7  avia-builder-el-no-sibling  first flex_column_div  '     ><section  class='av_textblock_section av-ju8k6b1i-f0f5fcacbcc8ae1564468eef7e599716 '   itemscope=\"itemscope\" itemtype=\"https:\/\/schema.org\/CreativeWork\" ><div class='avia_textblock'  itemprop=\"text\" ><p style=\"text-align: center;\"><span style=\"font-size: 18pt;\"><strong><span style=\"font-family: georgia, palatino, serif;\">N\u00e1rodn\u00ed veden\u00ed Aglow<\/span><\/strong><\/span><\/p>\n<p style=\"text-align: center;\"><div class=\"tmm tmm_narodni-vedeni-aglow\"><div class=\"tmm_5_columns tmm_wrap tmm_theme_f\"><span class=\"tmm_two_containers_tablet\"><\/span><div class=\"tmm_container\"><div class=\"tmm_member\" style=\"border-top:#d4aaaa solid 5px;\"><div class=\"tmm_photo tmm_pic_narodni-vedeni-aglow_0\" style=\"background: url(http:\/\/nove.aglow.cz\/wp-content\/uploads\/2019\/04\/Eva.Stejskalov\u00e1.jpg); margin-left: auto; margin-right:auto; background-size:cover !important;\"><\/div><div class=\"tmm_textblock\"><div class=\"tmm_names\"><span class=\"tmm_fname\">Eva <\/span> <span class=\"tmm_lname\">Stejskalov\u00e1<\/span><\/div><div class=\"tmm_job\">P\u0159edseda Aglow z.s.<\/div><div class=\"tmm_desc\" style=\"text-align:center\"><p style=\"text-align: center\"><a href=\"mailto:zirafkaefka@gmail.com\">zirafkaefka<br>@gmail.com<\/a><\/p><\/div><div class=\"tmm_scblock\"><a class=\"tmm_sociallink\" href=\"mailto:&#122;i&#114;afk&#097;e&#102;ka&#064;&#103;m&#097;il.&#099;&#111;m\" title=\"\"><img decoding=\"async\" alt=\"\" src=\"https:\/\/aglow.cz\/wp-content\/plugins\/team-members\/inc\/img\/links\/email.png\"\/><\/a><\/div><\/div><\/div><div class=\"tmm_member\" style=\"border-top:#d4aaaa solid 5px;\"><div class=\"tmm_photo tmm_pic_narodni-vedeni-aglow_1\" style=\"background: url(https:\/\/aglow.cz\/wp-content\/uploads\/2019\/04\/ilona3.jpg); margin-left: auto; margin-right:auto; background-size:cover !important;\"><\/div><div class=\"tmm_textblock\"><div class=\"tmm_names\"><span class=\"tmm_fname\">Ilona<\/span> <span class=\"tmm_lname\">Novotn\u00e1<\/span><\/div><div class=\"tmm_job\">MODLITBY<\/div><div class=\"tmm_desc\" style=\"text-align:center\"><p style=\"text-align: center\"><a href=\"mailto:novotna.cr@centrum.cz\">novotna.cr\r\n@centrum.cz<\/a><\/p><\/div><div class=\"tmm_scblock\"><a class=\"tmm_sociallink\" href=\"mailto:n&#111;vo&#116;&#110;a&#046;c&#114;&#064;&#099;&#101;n&#116;r&#117;m.&#099;z\" title=\"\"><img decoding=\"async\" alt=\"\" src=\"https:\/\/aglow.cz\/wp-content\/plugins\/team-members\/inc\/img\/links\/email.png\"\/><\/a><\/div><\/div><\/div><span class=\"tmm_two_containers_tablet\"><\/span><div class=\"tmm_member\" style=\"border-top:#d4aaaa solid 5px;\"><div class=\"tmm_photo tmm_pic_narodni-vedeni-aglow_2\" style=\"background: url(https:\/\/aglow.cz\/wp-content\/uploads\/2019\/09\/cid_453B1A8D-DADB-43C8-96EE-6684709A5684-e1574948977877.jpg); margin-left: auto; margin-right:auto; background-size:cover !important;\"><\/div><div class=\"tmm_textblock\"><div class=\"tmm_names\"><span class=\"tmm_fname\">Monika<\/span> <span class=\"tmm_lname\">Bake\u0161ov\u00e1<\/span><\/div><div class=\"tmm_job\">STATUT\u00c1RN\u00cd Z\u00c1STUPCE<\/div><div class=\"tmm_desc\" style=\"text-align:center\"><p style=\"text-align: center\"><a href=\"mailto:m.bakesova@seznam.cz\">m.bakesova<br>@seznam.cz<\/a><\/p><\/div><div class=\"tmm_scblock\"><a class=\"tmm_sociallink\" href=\"mailto:&#109;&#046;ba&#107;e&#115;&#111;&#118;a&#064;&#115;&#101;&#122;&#110;&#097;&#109;&#046;c&#122;\" title=\"\"><img decoding=\"async\" alt=\"\" src=\"https:\/\/aglow.cz\/wp-content\/plugins\/team-members\/inc\/img\/links\/email.png\"\/><\/a><a target=\"_blank\" class=\"tmm_sociallink\" href=\"https:\/\/www.facebook.com\/profile.php?id=100004620165631\" title=\"\"><img decoding=\"async\" alt=\"\" src=\"https:\/\/aglow.cz\/wp-content\/plugins\/team-members\/inc\/img\/links\/facebook.png\"\/><\/a><\/div><\/div><\/div><div style=\"clear:both;\"><\/div><\/div><\/div><\/div><\/p>\n<\/div><\/section><\/div><\/div><\/div><\/div><!-- close content main div --><\/div><\/div><div id='after_section_1'  class='main_color av_default_container_wrap container_wrap sidebar_right'  ><div class='container av-section-cont-open' ><div class='template-page content  av-content-small alpha units'><div class='post-entry post-entry-type-page post-entry-3378'><div class='entry-content-wrapper clearfix'>\n","protected":false},"excerpt":{"rendered":"","protected":false},"author":2,"featured_media":0,"parent":3240,"menu_order":0,"comment_status":"open","ping_status":"closed","template":"","meta":{"footnotes":""},"class_list":["post-3378","page","type-page","status-publish","hentry"],"_links":{"self":[{"href":"https:\/\/aglow.cz\/index.php\/wp-json\/wp\/v2\/pages\/3378","targetHints":{"allow":["GET"]}}],"collection":[{"href":"https:\/\/aglow.cz\/index.php\/wp-json\/wp\/v2\/pages"}],"about":[{"href":"https:\/\/aglow.cz\/index.php\/wp-json\/wp\/v2\/types\/page"}],"author":[{"embeddable":true,"href":"https:\/\/aglow.cz\/index.php\/wp-json\/wp\/v2\/users\/2"}],"replies":[{"embeddable":true,"href":"https:\/\/aglow.cz\/index.php\/wp-json\/wp\/v2\/comments?post=3378"}],"version-history":[{"count":3,"href":"https:\/\/aglow.cz\/index.php\/wp-json\/wp\/v2\/pages\/3378\/revisions"}],"predecessor-version":[{"id":4471,"href":"https:\/\/aglow.cz\/index.php\/wp-json\/wp\/v2\/pages\/3378\/revisions\/4471"}],"up":[{"embeddable":true,"href":"https:\/\/aglow.cz\/index.php\/wp-json\/wp\/v2\/pages\/3240"}],"wp:attachment":[{"href":"https:\/\/aglow.cz\/index.php\/wp-json\/wp\/v2\/media?parent=3378"}],"curies":[{"name":"wp","href":"https:\/\/api.w.org\/{rel}","templated":true}]}}