{"id":3432,"date":"2019-03-29T17:20:27","date_gmt":"2019-03-29T16:20:27","guid":{"rendered":"http:\/\/nove.aglow.cz\/?page_id=3432"},"modified":"2024-04-17T16:35:12","modified_gmt":"2024-04-17T14:35:12","slug":"konference","status":"publish","type":"page","link":"https:\/\/aglow.cz\/index.php\/homepage-2\/konference\/","title":{"rendered":"KONFERENCE"},"content":{"rendered":"<div id='layer_slider_1'  class='avia-layerslider main_color avia-shadow  avia-builder-el-0  el_before_av_four_fifth  avia-builder-el-first  container_wrap sidebar_right'  style='height: 701px; max-width: 3000px; margin: 0 auto;'  ><\/div><div id='after_layer_slider_1'  class='main_color av_default_container_wrap container_wrap sidebar_right'  ><div class='container av-section-cont-open' ><div class='template-page content  av-content-small alpha units'><div class='post-entry post-entry-type-page post-entry-3432'><div class='entry-content-wrapper clearfix'>\n\n<style type=\"text\/css\" data-created_by=\"avia_inline_auto\" id=\"style-css-av-30x420-5db8f1267edf8c3eb753adb505464212\">\n@keyframes av_boxShadowEffect_av-30x420-5db8f1267edf8c3eb753adb505464212-column {\n0%   { box-shadow:  0 0 0 0 #e8e8e8; opacity: 1; }\n100% { box-shadow:  0 0 10px 0 #e8e8e8; opacity: 1; }\n}\n.flex_column.av-30x420-5db8f1267edf8c3eb753adb505464212{\nbox-shadow: 0 0 10px 0 #e8e8e8;\nborder-radius:0px 0px 0px 0px;\npadding:0px 0px 0px 0px;\n}\n<\/style>\n<div  class='flex_column av-30x420-5db8f1267edf8c3eb753adb505464212 av_four_fifth  avia-builder-el-1  el_after_av_layerslider  el_before_av_one_fifth  avia-builder-el-first  first flex_column_div shadow-not-animated av-zero-column-padding  '     ><div id='av-masonry-1' class='av-masonry av-jucse32f-a768cc439f1e37ffa791f8b902e491bf noHover av-flex-size av-1px-gap av-hover-overlay-active av-masonry-animation-active av-masonry-col-4 av-caption-always av-caption-style- av-masonry-entries ' data-post_id=\"3432\"><div class=\"av-masonry-container isotope av-js-disabled\"><div class='av-masonry-entry isotope-item av-masonry-item-no-image all_sort clanky_sort  konference_sort  nezarazene_sort '><\/div><a href=\"https:\/\/aglow.cz\/index.php\/2026\/01\/22\/narodni-konference-2026\/\"  id='av-masonry-1-item-4500' data-av-masonry-item='4500' class='av-masonry-entry isotope-item post-4500 post type-post status-publish format-standard has-post-thumbnail hentry category-clanky category-konference category-nezarazene all_sort clanky_sort  konference_sort  nezarazene_sort  av-masonry-item-with-image' title=\"Ag_2026\"   itemscope=\"itemscope\" itemtype=\"https:\/\/schema.org\/CreativeWork\" ><div class='av-inner-masonry-sizer'><\/div><figure class='av-inner-masonry main_color'><div class=\"av-masonry-outerimage-container\"><div class='av-masonry-image-container'  ><img decoding=\"async\" width=\"605\" height=\"341\" fetchpriority=\"high\" class=\"wp-image-4447 avia-img-lazy-loading-not-4447\"  src=\"https:\/\/aglow.cz\/wp-content\/uploads\/2025\/11\/Ag_2026.jpg\" title=\"Ag_2026\" alt=\"\" srcset=\"https:\/\/aglow.cz\/wp-content\/uploads\/2025\/11\/Ag_2026.jpg 605w, https:\/\/aglow.cz\/wp-content\/uploads\/2025\/11\/Ag_2026-300x169.jpg 300w\" sizes=\"(max-width: 605px) 100vw, 605px\" \/><\/div><\/div><figcaption class='av-inner-masonry-content site-background'><div class='av-inner-masonry-content-pos'><div class='av-inner-masonry-content-pos-content'><div class='avia-arrow'><\/div><h3 class='av-masonry-entry-title entry-title '  itemprop=\"headline\" >N\u00c1RODN\u00cd KONFERENCE 2026<\/h3><div class='av-masonry-entry-content entry-content'  itemprop=\"text\" >\u00a0\ud83d\ude0a DOTAZN\u00cdK : pros\u00edme \u00fa\u010dastn\u00edky konference o vypln\u011bn\u00ed\u2026<\/div><span class='av-masonry-date meta-color updated'>22. 1. 2026<\/span><span class=\"av-masonry-text-sep text-sep-author\">\/<\/span><span class='av-masonry-author meta-color author'><span class='fn'>p\u0159idal V\u00e1clav Novotn\u00fd<\/span><\/span><\/div><\/div><\/figcaption><\/figure><\/a><!--end av-masonry entry--><\/div><\/div><\/div>\n\n<style type=\"text\/css\" data-created_by=\"avia_inline_auto\" id=\"style-css-av-3obnsy-6d24b693b4654a550f077513bdf4c71c\">\n.flex_column.av-3obnsy-6d24b693b4654a550f077513bdf4c71c{\nborder-radius:0px 0px 0px 0px;\npadding:0px 0px 0px 0px;\n}\n<\/style>\n<div  class='flex_column av-3obnsy-6d24b693b4654a550f077513bdf4c71c av_one_fifth  avia-builder-el-3  el_after_av_four_fifth  el_before_av_layout_row  avia-builder-el-last  flex_column_div av-zero-column-padding  '     ><p><section  class='av_textblock_section av-jtuaft7z-0e66dd20084ce7beaf14192a0d1b3fd9 '   itemscope=\"itemscope\" itemtype=\"https:\/\/schema.org\/CreativeWork\" ><div class='avia_textblock'  itemprop=\"text\" ><p><img loading=\"lazy\" decoding=\"async\" class=\"alignnone wp-image-3445\" src=\"http:\/\/nove.aglow.cz\/wp-content\/uploads\/2019\/03\/ruze-lezi-300x157.png\" alt=\"\" width=\"76\" height=\"40\" srcset=\"https:\/\/aglow.cz\/wp-content\/uploads\/2019\/03\/ruze-lezi-300x157.png 300w, https:\/\/aglow.cz\/wp-content\/uploads\/2019\/03\/ruze-lezi.png 446w\" sizes=\"auto, (max-width: 76px) 100vw, 76px\" \/><\/p>\n<\/div><\/section><br \/>\n<div  class='avia-builder-widget-area clearfix  avia-builder-el-5  el_after_av_textblock  avia-builder-el-last '><section id=\"media_image-4\" class=\"widget clearfix widget_media_image\"><a href=\"https:\/\/etabita.cz\/\"><img loading=\"lazy\" decoding=\"async\" width=\"300\" height=\"105\" src=\"https:\/\/aglow.cz\/wp-content\/uploads\/2020\/02\/etabita.png\" class=\"image wp-image-4097  attachment-full size-full\" alt=\"\" style=\"max-width: 100%; height: auto;\" \/><\/a><span class=\"seperator extralight-border\"><\/span><\/section><\/div><\/p><\/div>\n<\/div><\/div><\/div><!-- close content main div --><\/div><\/div><div id='av-layout-grid-1'  class='av-layout-grid-container av-3ki9uw-b82947a4c01dc067895006c52b29db71 entry-content-wrapper main_color av-flex-cells  avia-builder-el-6  el_after_av_one_fifth  avia-builder-el-last  grid-row-not-first  container_wrap sidebar_right'  >\n\n<style type=\"text\/css\" data-created_by=\"avia_inline_auto\" id=\"style-css-av-jucs2ixc-4aec8e8c63aacbec9a97800fb3827a66\">\n.flex_cell.av-jucs2ixc-4aec8e8c63aacbec9a97800fb3827a66{\nvertical-align:top;\nbackground-color:#d3c4c4;\n}\n.responsive #top #wrap_all .flex_cell.av-jucs2ixc-4aec8e8c63aacbec9a97800fb3827a66{\npadding:50px 20px 50px 350px !important;\n}\n<\/style>\n<div class='flex_cell av-jucs2ixc-4aec8e8c63aacbec9a97800fb3827a66 av-gridrow-cell av_one_half no_margin  avia-builder-el-7  el_before_av_cell_one_half  avia-builder-el-first  content-align-top'  ><div class='flex_cell_inner'><section  class='av_textblock_section av-jucs542u-675ed5399d1163e2a783b5214c82cb87 '   itemscope=\"itemscope\" itemtype=\"https:\/\/schema.org\/CreativeWork\" ><div class='avia_textblock'  itemprop=\"text\" ><p style=\"text-align: center;\"><a href=\"http:\/\/nove.aglow.cz\/index.php\/nahravky-z-konferenci\/\"><span style=\"font-family: verdana, geneva, sans-serif; font-size: 18pt;\">NAHR\u00c1VKY\u00a0<\/span><\/a><br \/>\n<a href=\"http:\/\/nove.aglow.cz\/index.php\/nahravky-z-konferenci\/\"><span style=\"font-family: verdana, geneva, sans-serif; font-size: 18pt;\">Z KONFERENC\u00cd<\/span><\/a><\/p>\n<\/div><\/section>\n<\/div><\/div>\n<style type=\"text\/css\" data-created_by=\"avia_inline_auto\" id=\"style-css-av-2gvvjs-96a53b552ba288faa7c5951d8b3871f6\">\n.flex_cell.av-2gvvjs-96a53b552ba288faa7c5951d8b3871f6{\nvertical-align:top;\nbackground-color:#ead0d0;\n}\n.responsive #top #wrap_all .flex_cell.av-2gvvjs-96a53b552ba288faa7c5951d8b3871f6{\npadding:50px 350px 50px 20px !important;\n}\n<\/style>\n<div class='flex_cell av-2gvvjs-96a53b552ba288faa7c5951d8b3871f6 av-gridrow-cell av_one_half no_margin  avia-builder-el-9  el_after_av_cell_one_half  avia-builder-el-last  content-align-top'  ><div class='flex_cell_inner'><section  class='av_textblock_section av-jucs542u-1-db0881fdc247906c2e9ca3c20f83acd9 '   itemscope=\"itemscope\" itemtype=\"https:\/\/schema.org\/CreativeWork\" ><div class='avia_textblock'  itemprop=\"text\" ><p style=\"text-align: center;\"><span style=\"font-family: verdana, geneva, sans-serif;\"><span style=\"font-size: 24px;\">P\u0158IHL\u00c1\u0160KA<br \/>\nNA N\u00c1RODN\u00cd KONFERENCI<\/span><\/span><\/p>\n<\/div><\/section>\n<\/div><\/div><\/div>\n","protected":false},"excerpt":{"rendered":"","protected":false},"author":2,"featured_media":0,"parent":3240,"menu_order":0,"comment_status":"open","ping_status":"open","template":"","meta":{"footnotes":""},"class_list":["post-3432","page","type-page","status-publish","hentry"],"_links":{"self":[{"href":"https:\/\/aglow.cz\/index.php\/wp-json\/wp\/v2\/pages\/3432","targetHints":{"allow":["GET"]}}],"collection":[{"href":"https:\/\/aglow.cz\/index.php\/wp-json\/wp\/v2\/pages"}],"about":[{"href":"https:\/\/aglow.cz\/index.php\/wp-json\/wp\/v2\/types\/page"}],"author":[{"embeddable":true,"href":"https:\/\/aglow.cz\/index.php\/wp-json\/wp\/v2\/users\/2"}],"replies":[{"embeddable":true,"href":"https:\/\/aglow.cz\/index.php\/wp-json\/wp\/v2\/comments?post=3432"}],"version-history":[{"count":9,"href":"https:\/\/aglow.cz\/index.php\/wp-json\/wp\/v2\/pages\/3432\/revisions"}],"predecessor-version":[{"id":4305,"href":"https:\/\/aglow.cz\/index.php\/wp-json\/wp\/v2\/pages\/3432\/revisions\/4305"}],"up":[{"embeddable":true,"href":"https:\/\/aglow.cz\/index.php\/wp-json\/wp\/v2\/pages\/3240"}],"wp:attachment":[{"href":"https:\/\/aglow.cz\/index.php\/wp-json\/wp\/v2\/media?parent=3432"}],"curies":[{"name":"wp","href":"https:\/\/api.w.org\/{rel}","templated":true}]}}